{"id":49,"date":"2020-05-11T08:14:15","date_gmt":"2020-05-11T08:14:15","guid":{"rendered":"http:\/\/oggel.eu\/?page_id=49"},"modified":"2020-12-14T10:12:39","modified_gmt":"2020-12-14T10:12:39","slug":"stamhouders-nederland","status":"publish","type":"page","link":"https:\/\/oggel.eu\/index.php\/stamhouders-nederland\/","title":{"rendered":"Stamhouders Nederland"},"content":{"rendered":"\n<figure class=\"wp-block-image size-large\"><img loading=\"lazy\" decoding=\"async\" width=\"910\" height=\"824\" src=\"https:\/\/oggel.eu\/wp-content\/uploads\/2020\/05\/Schermafbeelding-2020-05-11-om-15.03.26.png\" alt=\"\" class=\"wp-image-75\" srcset=\"https:\/\/oggel.eu\/wp-content\/uploads\/2020\/05\/Schermafbeelding-2020-05-11-om-15.03.26.png 910w, https:\/\/oggel.eu\/wp-content\/uploads\/2020\/05\/Schermafbeelding-2020-05-11-om-15.03.26-300x272.png 300w, https:\/\/oggel.eu\/wp-content\/uploads\/2020\/05\/Schermafbeelding-2020-05-11-om-15.03.26-768x695.png 768w\" sizes=\"auto, (max-width: 910px) 100vw, 910px\" \/><figcaption>Jacobus Marinus 1874 &#8211; 1952<\/figcaption><\/figure>\n\n\n\n<p><\/p>\n\n\n\n<p><strong>Curriculum Vitae: Jacobus Marinus\nOggel<\/strong> <\/p>\n\n\n\n<p><strong>Jacobus Marinus Oggel, Axel 18 januari 1874 <\/strong>gaat na de Lagere School naar een\nkostschool in Baarn en daarna in Alphen aan de Rijn. Na zijn studie keert hij\nterug naar Axel waar hij in het bedrijf van zijn vader gaat werken. <\/p>\n\n\n\n<p>Toen omstreeks 1900 in Zuid-Afrika de\noorlog van de Transvaalse Boeren tegen Engeland woedt steunt hij de Transvalers\nmet een inzamelingsactie van het \u201cGenerale Boeren Hulp Fonds\u201d waarvoor\ndankbetuigingen worden ontvangen van de Boerengeneraals Louis Botha, C.M. de\nWet en J.H. de la Reij. Zijn afkeer van de Engelsen is zo groot dat hij nooit\nde Engelse taal heeft willen leren.<\/p>\n\n\n\n<p>Na zijn huwelijk in 1905 met Engelina\nSijpkens wordt hij gekozen tot diaken, daarna tot ouderling in de Gereformeerde\nKerk A. Hij vervult kerkelijke ambten in de periode tussen 1905 tot en met\n1944. Hij is een voorvechter voor de rechten van de Theologische School in\nKampen en dat leidt tot de benoeming van een 5<sup>e<\/sup> hoogleraar, Prof.\nHoekstra. In de kerkelijke strijd rondom de Vrijmaking in 1944 en 1945 kiest\nhij zeer beslist voor de Vrijmaking en tegen de leerbinding die door de synoden\nwerd opgelegd. Zijn broers en zussen met hun kinderen gaan over naar de zo\ngenoemde synodaal-gereformeerde kerk.<\/p>\n\n\n\n<p>In 1910 wordt hij gekozen als lid van\nde gemeenteraad van Axel als lid van de Antirevolutionaire partij. In 1919 wordt\nhij gekozen tot wethouder. Dit politiek ambt bekleedt hij tot 1939 en bedankt\ndan op grond van zijn gevorderde leeftijd. Gedurende die periode is hij, als\neerste wethouder, lange tijd waarnemend burgemeester en treedt hij zodoende in\nde voetsporen van zijn vader, D.J. Oggel.<\/p>\n\n\n\n<p>J.M. Oggel in de oorlog 1914-1918 is\nook actief voor Belgische vluchtelingen en ontvangt daarvoor de Albert\nmedaille.<\/p>\n\n\n\n<p>In navolging van zijn vader is hij\nactief in de vereniging voor Christelijk Nationaal onderwijs en wordt onder\nzijn voorzitterschap een Christelijke kleuterschool opgericht evenals de\nChristelijke ULO school. Bij zijn afscheid in 1948 wordt hij benoemd tot\nerevoorzitter. <\/p>\n\n\n\n<p>Samen met zijn broer Egbert\nChristiaan neemt hij in 1912 het bedrijf van zijn vader over en verandert de\nnaam van het bedrijf in de Firma D.J. Oggel. Hij is actief in de Nederlandse\nGrossiersbond en wordt daarin gekozen tot bestuurslid.<\/p>\n\n\n\n<p>Tijdens en na de oorlog 1914-1918\nhandelt het bedrijf ook in hout en vlas en koopt en verkoopt ook bomen maar\ndeze handel loopt geleidelijk aan af. Dit geldt ook voor de handel in\nkunstmeststoffen. Het bedrijf concentreert zich steeds meer op de\nlevensmiddelenhandel.<\/p>\n\n\n\n<p>In het bedrijfsleven heeft J.M. Oggel\neen vooraanstaande positie. Hij is agent van de N.V. Centrale\nSuikermaatschappij (CSM) voor het contracteren van suikerbieten en lid van de\nKamer van Koophandel &amp; Fabrieken voor Zeeuws-Vlaanderen en wordt voorzitter\nvan het Zeeuw Vlaams Borgstellingsfonds en lid van het Economisch Instituut\nvoor de Middenstand. De Duitse bezetting in de oorlogsjaren 1940-1944 maakt\nvoor hem, die fel tegenstander is van de NSB richting, hieraan een einde.<\/p>\n\n\n\n<p>Tot het laatst van zijn leven blijft\nJ.M. Oggel zeer actief en toont belangstelling voor ontwikkelingen op allerlei\ngebied. Al in 1928 maakt hij een vliegreis van Vlissingen via Rotterdam naar\nAmsterdam om daar een vergadering te bezoeken. De aanleg van een tunnel onder\nde Westerschelde bij Antwerpen heeft zijn volle interesse en het doet hem een\ngroot genoegen om daarvan gebruik te maken. <\/p>\n\n\n\n<p>In december 1952 wordt hij getroffen door een hartaanval waaraan hij twee dagen later in het ziekenhuis van Sluiskil overlijdt. Zijn vrouw, Hilda Engelina Oggel-Sijpkens woont het laatste jaar van haar leven in bij het gezin van haar zoon Meertinus Oggel. Haar lichamelijke en geestelijke gezondheidstoestand gaat langzaam achteruit en zij overlijdt in 1962, 10 jaar na het overlijden van haar echtgenoot.<\/p>\n\n\n\n<figure class=\"wp-block-image size-large\"><img loading=\"lazy\" decoding=\"async\" width=\"880\" height=\"1024\" src=\"https:\/\/oggel.eu\/wp-content\/uploads\/2020\/06\/IMG_20200504_151239_resized_20200603_105819626-880x1024.jpg\" alt=\"\" class=\"wp-image-86\" srcset=\"https:\/\/oggel.eu\/wp-content\/uploads\/2020\/06\/IMG_20200504_151239_resized_20200603_105819626-880x1024.jpg 880w, https:\/\/oggel.eu\/wp-content\/uploads\/2020\/06\/IMG_20200504_151239_resized_20200603_105819626-258x300.jpg 258w, https:\/\/oggel.eu\/wp-content\/uploads\/2020\/06\/IMG_20200504_151239_resized_20200603_105819626-768x894.jpg 768w, https:\/\/oggel.eu\/wp-content\/uploads\/2020\/06\/IMG_20200504_151239_resized_20200603_105819626.jpg 1086w\" sizes=\"auto, (max-width: 880px) 100vw, 880px\" \/><figcaption>Egbert Christiaan Oggel 1881 &#8211; 1972<\/figcaption><\/figure>\n\n\n\n<p> <strong>Curriculum Vitae:<\/strong> <strong>Egbert Christiaan Oggel<\/strong><\/p>\n\n\n\n<p><strong>Egbert Christiaan Oggel, Axel 31 mei 1881. <\/strong>Evenals zijn oudere broers en zusjes bezoekt hij de Christelijke lagere school in de Molenstraat, beter bekend als de <em>Stiefselschool<\/em>. In juli 1895 mag hij, net veertien, de eerste steen leggen voor de bouw van een tweede leslokaal. In het depot van museum Het Warenhuis bevindt zich de gevelsteen waarop dit feit is vastgelegd. <\/p>\n\n\n\n<p>Na de lagere school volgt hij de handelsopleiding in Alphen aan de Rijn. Hij is, net als zijn broer Koos, voorbestemd voor een loopbaan in het ouderlijk bedrijf. De school in Alphen brengt zijn studenten niet alleen de geheimen van het grootboek bij, maar ook handelscorrespondentie Frans en Duits. Engels is taboe: met de taal van de concurrent willen de traditioneel anti-Britse Hollandse kooplui niks te maken hebben.<\/p>\n\n\n\n<p>Na zijn opleiding gaat Egbert aan de slag in het bedrijf. Zijn terrein wordt de buitendienst: te paard, per sjees en later ook per rijwiel bezoekt hij de klanten. Zijn militaire dienst ontloopt hij door voor vijfhonderd gulden van nummer te verwisselen met een landarbeider die is vrijgeloot.<\/p>\n\n\n\n<p>In de zomer van 1897 spoort hij samen met zijn oudere broers naar de 12<sup>e<\/sup> Wereldtentoonstelling in Brussel. Voor Egbert is het uitstapje zijn eerste kennismaking met een andere wereld: die van een bruisende kosmopolitische stad op het hoogtepunt van de Belle Epoque. Hij houdt er een ontembare reislust aan over. Gent wordt zijn favoriet. <\/p>\n\n\n\n<p>In Gent begint hij zich ook de modieuze kleding aan te schaffen die lichtjaren afstaat van wat de degelijke Axelse kleermakers leveren. In september 1905 zien we hem opnieuw in Brussel. Zwierig gekleed flaneert hij over de Grote Markt waar ter ere van 75 jaar Belgische onafhankelijkheid 75.000 gloeilampen branden. <\/p>\n\n\n\n<p>In juli 1909 trouwt Egbert met Krina Dregmans, dochter van notaris Pieter Dregmans. Er komen twee kinderen: Dingeman Jacobus (1910) en Kaatje (1911), later Kits.\u00a0 <\/p>\n\n\n\n<p>In zijn vrije tijd legt Egbert zich toe op orgelspelen. Dagelijks zit hij achter het harmonium. En hij begint verzamelingen aan te leggen: postzegels, sigarenbandjes, ansichtkaarten. Later begint hij zich ook voor de \u201ckleine\u201d geschiedenis van zijn woonplaats te interesseren. Waar komt de naam Schapenbout vandaan? Welke ambachten zijn er in Axel? Waarom wordt de Weststraat <em>Jeneverstraat<\/em> genoemd? <\/p>\n\n\n\n<p>In 1912 neemt hij samen met zijn broer Koos het ouderlijk bedrijf over. In hetzelfde jaar koopt en betrekt hij Noordstraat 36. In de schuur achter het huis laat hij een industri\u00eble koffiebrander installeren. De machine vervangt in \u00e9\u00e9n klap de primitieve bolbrandertjes waarmee winkeliers zelf de rauwe koffiebonen roosteren. <\/p>\n\n\n\n<p><em>Oggels koffie<\/em> wordt een instant succes. Egbert wordt gepassioneerd koffiebrander. Vrijwel dagelijks is hij in de weer met het selecteren van koffiebonen en het componeren van melanges. Hij wordt een absolute meester in zijn vak. Dankzij zijn vakkennis weet <em>Oggels koffie <\/em>zich moeiteloos te handhaven tegenover de moordende concurrentie van de grote landelijke koffieverwerkers. <\/p>\n\n\n\n<p>Tijdens de Eerste wereldoorlog begeven Egbert en zijn broer Koos zich op het speculatieve terrein van de vlas- en houthandel. Hun vlasfabriekje aan de Vaartwijk brandt onder verdachte omstandigheden af. Aan de handel in kunstmest en veevoer komt eind jaren twintig een eind als de banken breken met de traditie om leveringen aan de landbouw v\u00f3\u00f3r te financieren. <\/p>\n\n\n\n<p>In 1930 gaan Egbert en Koos zakelijk uit elkaar. Egbert gaat verder met de koffiebranderij en de handel in thee, pinda\u2019s en tabaksartikelen. Kort na de overname worden hij en zijn vrouw ernstig ziek. Ze roepen hun zoon Dingeman, die in Den Haag een praktijkopleiding notariaat volgt, terug om de zaak draaiende te houden. Als hij weer beter is vraagt Egbert zijn zoon als medefirmant in de zaak. Dat resulteert in de <em>firma E.C. Oggel &amp; Zoon.<\/em> <\/p>\n\n\n\n<p>De jaren dertig zijn zakelijk moeilijk. Koffie, het meest winstgevende product, wordt streng gerantsoeneerd. Zoon Dingeman wordt in april 1939 als reserve-luitenant in werkelijke dienst geroepen. Pas eind mei 1940 is hij in Axel terug. In november 1944 wordt hij opnieuw ingelijfd. Dit keer duurt zijn afwezigheid tot februari 1948. Al die tijd houdt Egbert het bedrijf overeind. <\/p>\n\n\n\n<p>Krina overlijdt op 9 augustus 1946.\nEgbert trekt daarna in bij het gezin van zijn dochter. Eind 1970 laat zijn\nhuisarts hem opnemen in een verpleeginrichting in Koudekerke. Daar overlijdt\nhij op 13 maart 1972.<\/p>\n\n\n\n<p>(eco).<\/p>\n","protected":false},"excerpt":{"rendered":"<p>Curriculum Vitae: Jacobus Marinus Oggel Jacobus Marinus Oggel, Axel 18 januari 1874 gaat na de Lagere School naar een kostschool in Baarn en daarna in Alphen aan de Rijn. Na zijn studie keert hij terug naar Axel waar hij in het bedrijf van zijn vader gaat werken. Toen omstreeks 1900 in Zuid-Afrika de oorlog van [&hellip;]<\/p>\n","protected":false},"author":1,"featured_media":0,"parent":0,"menu_order":0,"comment_status":"closed","ping_status":"closed","template":"","meta":{"footnotes":""},"class_list":["post-49","page","type-page","status-publish","hentry"],"_links":{"self":[{"href":"https:\/\/oggel.eu\/index.php\/wp-json\/wp\/v2\/pages\/49","targetHints":{"allow":["GET"]}}],"collection":[{"href":"https:\/\/oggel.eu\/index.php\/wp-json\/wp\/v2\/pages"}],"about":[{"href":"https:\/\/oggel.eu\/index.php\/wp-json\/wp\/v2\/types\/page"}],"author":[{"embeddable":true,"href":"https:\/\/oggel.eu\/index.php\/wp-json\/wp\/v2\/users\/1"}],"replies":[{"embeddable":true,"href":"https:\/\/oggel.eu\/index.php\/wp-json\/wp\/v2\/comments?post=49"}],"version-history":[{"count":4,"href":"https:\/\/oggel.eu\/index.php\/wp-json\/wp\/v2\/pages\/49\/revisions"}],"predecessor-version":[{"id":87,"href":"https:\/\/oggel.eu\/index.php\/wp-json\/wp\/v2\/pages\/49\/revisions\/87"}],"wp:attachment":[{"href":"https:\/\/oggel.eu\/index.php\/wp-json\/wp\/v2\/media?parent=49"}],"curies":[{"name":"wp","href":"https:\/\/api.w.org\/{rel}","templated":true}]}}